{"id":4,"date":"2015-07-16T17:21:12","date_gmt":"2015-07-16T17:21:12","guid":{"rendered":"http:\/\/htcompany.com.br\/site\/?page_id=4"},"modified":"2021-07-22T18:15:26","modified_gmt":"2021-07-22T18:15:26","slug":"empresa","status":"publish","type":"page","link":"https:\/\/htcompany.com.br\/?page_id=4","title":{"rendered":"Empresa"},"content":{"rendered":"<p>A HT COMPANY\u00ae INICIOU SEUS TRABALHOS EM FEVEREIRO DE 2005 SENDO A FUS\u00c3O DE VARIAS EMPRESAS NO RAMO DE INSUMOS, REMANUFATURA E IMPORTA\u00c7\u00c3O, EMPRESAS ESSAS NO BRASIL E EXTERIOR.<\/p>\n<p>NOSSO OBJETIVO \u00c9 PROCURAR ATENDER RECICLADORES DE CARTUCHOS E TONERS E SUPRIR AS NECESSIDADES DE NOVOS CLIENTES COM UMA LINHA COMPLETA DE PRODUTOS COM PRE\u00c7OS SATISFAT\u00d3RIOS E ATENDIMENTO PERSONALIZADO.<\/p>\n<p>PARA ISSO CONTAMOS COM UMA EQUIPE DE PROFISSIONAIS DE ALT\u00cdSSIMO N\u00cdVEL, CIENTES DE QUE ESTAMOS NESTE MERCADO N\u00c3O PARA SOMARMOS MAIS UM, E SIM UMA EMPRESA S\u00d3LIDA E PARCEIRA!<\/p>\n<p>ISTO \u00c9 E SER\u00c1 SEM DUVIDA, O NOSSO GRANDE SUCESSO JUNTO AOS NOSSOS CLIENTES, COLABORADORES, PARCEIROS E EQUIPE DE TRABALHO.<\/p>\n<p>ATENDEMOS TODO TERRIT\u00d3RIO NACIONAL. PARA ISSO, CONTAMOS COM UMA EQUIPE DIN\u00c2MICA QUE ESTA ONLINE DURANTE TODO EXPEDIENTE TIRANDO SUAS DUVIDAS E REALIZANDO VENDAS VIA INTERNET E EMAILS E AINDA TODO UM TELEMARKETING ESTRUTURADO E TREINADO, PRONTO PARA ESCLARECER QUALQUER DETALHE REFERENTE A EMPRESA.<\/p>\n<h3>Instala\u00e7\u00f5es:<\/h3>\n<p>Nosso novo parque industrial tem 6.000m\u00b2 de \u00e1rea onde est\u00e3o integradas ind\u00fastria, administra\u00e7\u00e3o, vendas e treinamento. De forma garantimos agilidade nos pedidos, grande capacidade de estoque e integra\u00e7\u00e3o entre os diversos setores da empresa. Contamos com colaboradores altamente treinados. Tudo isso para lhe oferecer o que h\u00e1 de mais modernos em toda linha de insumos e garantir grandes volumes de entrega. A HT Company\u00ae \u00e9 o seu parceiro ideal.<\/p>\n<h3>Localiza\u00e7\u00e3o:<\/h3>\n<p>Estamos localizados na bela cidade de Maring\u00e1 &#8211; PR.<\/p>\n<p>Endere\u00e7o: Rodovia PR 317, 8158, Zona 51<br \/>\nParque Industrial 200, CEP 87035-510<br \/>\nMaring\u00e1 \u2013 PR<br \/>\nTelefone: (44) 3261-6100<\/p>\n<p><iframe src=\"https:\/\/www.google.com\/maps\/embed?pb=!1m14!1m12!1m3!1d2685.3234941284727!2d-51.90051624467442!3d-23.353223934565275!2m3!1f0!2f0!3f0!3m2!1i1024!2i768!4f13.1!5e0!3m2!1spt-BR!2sbr!4v1626977617320!5m2!1spt-BR!2sbr\" width=\"730\" height=\"500\" style=\"border:0;\" allowfullscreen=\"\" loading=\"lazy\"><\/iframe><\/p>\n","protected":false},"excerpt":{"rendered":"<p>A HT COMPANY\u00ae INICIOU SEUS TRABALHOS EM FEVEREIRO DE 2005 SENDO A FUS\u00c3O DE VARIAS EMPRESAS NO RAMO DE INSUMOS, REMANUFATURA E IMPORTA\u00c7\u00c3O, EMPRESAS ESSAS NO BRASIL E EXTERIOR. NOSSO OBJETIVO \u00c9 PROCURAR ATENDER RECICLADORES DE CARTUCHOS E TONERS E SUPRIR AS NECESSIDADES DE NOVOS CLIENTES COM UMA LINHA COMPLETA DE PRODUTOS COM PRE\u00c7OS SATISFAT\u00d3RIOS [&hellip;]<\/p>\n","protected":false},"author":1,"featured_media":0,"parent":0,"menu_order":0,"comment_status":"open","ping_status":"open","template":"page_fullwidth.php","meta":{"footnotes":""},"class_list":["post-4","page","type-page","status-publish","hentry"],"_links":{"self":[{"href":"https:\/\/htcompany.com.br\/index.php?rest_route=\/wp\/v2\/pages\/4","targetHints":{"allow":["GET"]}}],"collection":[{"href":"https:\/\/htcompany.com.br\/index.php?rest_route=\/wp\/v2\/pages"}],"about":[{"href":"https:\/\/htcompany.com.br\/index.php?rest_route=\/wp\/v2\/types\/page"}],"author":[{"embeddable":true,"href":"https:\/\/htcompany.com.br\/index.php?rest_route=\/wp\/v2\/users\/1"}],"replies":[{"embeddable":true,"href":"https:\/\/htcompany.com.br\/index.php?rest_route=%2Fwp%2Fv2%2Fcomments&post=4"}],"version-history":[{"count":13,"href":"https:\/\/htcompany.com.br\/index.php?rest_route=\/wp\/v2\/pages\/4\/revisions"}],"predecessor-version":[{"id":442,"href":"https:\/\/htcompany.com.br\/index.php?rest_route=\/wp\/v2\/pages\/4\/revisions\/442"}],"wp:attachment":[{"href":"https:\/\/htcompany.com.br\/index.php?rest_route=%2Fwp%2Fv2%2Fmedia&parent=4"}],"curies":[{"name":"wp","href":"https:\/\/api.w.org\/{rel}","templated":true}]}}