{"id":445,"date":"2021-08-24T17:02:36","date_gmt":"2021-08-24T17:02:36","guid":{"rendered":"http:\/\/htcompany.com.br\/?page_id=445"},"modified":"2021-08-24T17:02:43","modified_gmt":"2021-08-24T17:02:43","slug":"portfolio","status":"publish","type":"page","link":"https:\/\/htcompany.com.br\/?page_id=445","title":{"rendered":"Portf\u00f3lio"},"content":{"rendered":"<p>O Portf\u00f3lio ir\u00e1 carregar abaixo, mas caso prefira fazer download, <a href=\"https:\/\/htcompany.com.br\/wp-content\/uploads\/PORTFOLIO_GRUPO_MASTER_HT.pdf\">clique aqui<\/a>.<\/p>\n<div style=\"display:block\">\n<!-- FlowPaper PDF flipbook plugin v.2.0.6 wordpress.org\/plugins\/flowpaper\/ --><br \/>\n<iframe title=\"FlowPaper flipbook pdf viewer\" width=\"100%\" height=\"800\" scrolling=\"no\" class=\"flowpaper-class\" frameborder=\"0\" allowFullScreen=\"true\" lightbox=\"false\" cover id src = \"https:\/\/flowpaper.com\/flipbook\/?pdf=https:\/\/htcompany.com.br\/wp-content\/uploads\/PORTFOLIO_GRUPO_MASTER_HT.pdf?wp-hosted=1&#038;title=&#038;header=&#038;theme=light&#038;singlepage=&#038;thumbs=1&#038;modified=210824502\" seamless=\"seamless\" style=\"margin-bottom:0;display:block;\">Your browser does not seem to support iframes. <a href=\"https:\/\/flowpaper.com\/flipbook\/?pdf=https:\/\/htcompany.com.br\/wp-content\/uploads\/PORTFOLIO_GRUPO_MASTER_HT.pdf?wp-hosted=1\" target=\"_blank\">Click here to read this PDF<\/a>.<\/iframe><\/p>\n<div id=\"flowpaper-logo-bottom\" class=\"flowpaper-logo-bg\" style=\"background:linear-gradient(to right, rgba(0,0,0,0.65) 0%,rgba(0,0,0,0) 200px);width:100%;height:19px; padding-bottom: 1px; padding-left: 5px; padding-right: 10px; display: flex; align-items: center;z-index:9999\"><span style=\"height: 37px; padding-left: 6px;width:90%\"> <a id=\"flowpaper-link\" style=\"fill: #fff\" alt=\"FlowPaper logotype\" title=\"FlowPaper logotype\" href=\"https:\/\/flowpaper.com\" target=\"_blank\"> <img decoding=\"async\" alt=\"Publish PDF flipbooks online\" style=\"height:17px;width:auto;margin-top:11px;\" src=\"https:\/\/htcompany.com.br\/wp-content\/plugins\/flowpaper-lite-pdf-flipbook\/assets\/flowpaper-logo.png\" border=\"0\"> <\/a> <\/span><span style=\" float: right; right: 0; font-size: 10px; white-space: nowrap; opacity:0.8\"><a href=\"https:\/\/flowpaper.com\/flipbook-maker\/\" target=\"_new\" style=\"text-decoration:none;border-bottom:none;\">Created using FlowPaper Flipbook Maker &#8599;<\/a><\/span><\/div>\n<\/div>\n<p>                <script>\n                document.addEventListener(\"DOMContentLoaded\", function(){\n                    var target_element, iframe_element;\n                    iframe_element = document.querySelector(\"iframe.flowpaper-class\");\n                    target_element = document.querySelector(\"\");\n                    iframe_element.style.height = target_element.offsetHeight + \"px\";\n                });\n                <\/script><\/p>\n","protected":false},"excerpt":{"rendered":"<p>O Portf\u00f3lio ir\u00e1 carregar abaixo, mas caso prefira fazer download, clique aqui.<\/p>\n","protected":false},"author":1,"featured_media":0,"parent":0,"menu_order":0,"comment_status":"closed","ping_status":"closed","template":"page_fullwidth.php","meta":{"footnotes":""},"class_list":["post-445","page","type-page","status-publish","hentry"],"_links":{"self":[{"href":"https:\/\/htcompany.com.br\/index.php?rest_route=\/wp\/v2\/pages\/445","targetHints":{"allow":["GET"]}}],"collection":[{"href":"https:\/\/htcompany.com.br\/index.php?rest_route=\/wp\/v2\/pages"}],"about":[{"href":"https:\/\/htcompany.com.br\/index.php?rest_route=\/wp\/v2\/types\/page"}],"author":[{"embeddable":true,"href":"https:\/\/htcompany.com.br\/index.php?rest_route=\/wp\/v2\/users\/1"}],"replies":[{"embeddable":true,"href":"https:\/\/htcompany.com.br\/index.php?rest_route=%2Fwp%2Fv2%2Fcomments&post=445"}],"version-history":[{"count":1,"href":"https:\/\/htcompany.com.br\/index.php?rest_route=\/wp\/v2\/pages\/445\/revisions"}],"predecessor-version":[{"id":447,"href":"https:\/\/htcompany.com.br\/index.php?rest_route=\/wp\/v2\/pages\/445\/revisions\/447"}],"wp:attachment":[{"href":"https:\/\/htcompany.com.br\/index.php?rest_route=%2Fwp%2Fv2%2Fmedia&parent=445"}],"curies":[{"name":"wp","href":"https:\/\/api.w.org\/{rel}","templated":true}]}}