{"id":463,"date":"2021-10-14T18:24:19","date_gmt":"2021-10-14T18:24:19","guid":{"rendered":"http:\/\/htcompany.com.br\/?page_id=463"},"modified":"2021-11-24T23:11:52","modified_gmt":"2021-11-24T23:11:52","slug":"politica-de-privacidade","status":"publish","type":"page","link":"https:\/\/htcompany.com.br\/?page_id=463","title":{"rendered":"Pol\u00edtica de privacidade"},"content":{"rendered":"<p style=\"text-align: center;\"><strong>\u201cGRUPO MASTER COM. IMP. E EXP. LTDA\u201d<\/strong><\/p>\n<p style=\"text-align: center;\"><strong>\u00a0<\/strong><strong>POL\u00cdTICA DE PRIVACIDADE<\/strong><\/p>\n<hr \/>\n<p>Vers\u00e3o de: Novembro\/2021<\/p>\n<p>Nossa Pol\u00edtica de Privacidade explica:<\/p>\n<ul>\n<li>Quais informa\u00e7\u00f5es coletamos e por que as coletamos.<\/li>\n<li>Como usamos essas informa\u00e7\u00f5es.<\/li>\n<\/ul>\n<p><strong>Somos uma empresa de suprimento de inform\u00e1tica, escrit\u00f3rio e papelaria.<\/strong><\/p>\n<p>Sua privacidade \u00e9 importante para n\u00f3s, portanto, sendo voc\u00ea um usu\u00e1rio, por favor, reserve um tempo para conhecer nossas pr\u00e1ticas. E, se voc\u00ea tiver alguma d\u00favida, <a href=\"http:\/\/support.google.com\/policies\/troubleshooter\/2990837?hl=pt-BR&amp;rd=2\">consulte esta p\u00e1gina<\/a> ou os <strong><u>Termos de Uso<\/u><\/strong>.<\/p>\n<p>Fazemos refer\u00eancia \u00e0 empresa atrav\u00e9s do uso de termos tais como \u201csite\u201d, \u201cn\u00f3s\u201d, \u201cnosso\u201d, \u201cconosco\u201d, palavras tais como \u201cvoc\u00ea\u201d, \u201cseu\u201d, e express\u00f5es similares referem-se a nossos clientes, ou a usu\u00e1rios de nosso site. Ao visitar e usufruir do nosso app, voc\u00ea automaticamente aceita as condi\u00e7\u00f5es descritas a seguir, que comp\u00f5em a Pol\u00edtica de Privacidade.<\/p>\n<h2><u>Informa\u00e7\u00f5es que coletamos<\/u><\/h2>\n<p>Importante: Voc\u00ea n\u00e3o \u00e9 obrigado a conceder informa\u00e7\u00f5es ao nosso app. Entretanto, sem conceder certas informa\u00e7\u00f5es quando estas forem solicitadas, n\u00e3o lhe ser\u00e1 permitido o acesso a algumas funcionalidades. Coletamos informa\u00e7\u00f5es para fornecer servi\u00e7os melhores a todos nossos usu\u00e1rios e elas ocorrem da seguinte forma:<\/p>\n<ol>\n<li><strong><u> Coleta de Informa\u00e7\u00e3o Pessoal<\/u><\/strong><\/li>\n<\/ol>\n<p>O Grupo Master pode coletar informa\u00e7\u00f5es de identifica\u00e7\u00e3o pessoal, como nome, sobrenome, e-mail, senha, n\u00famero de telefone, foto, CPF e dados para fins de pagamento*.<\/p>\n<p>O Grupo Master ir\u00e1 utilizar essas informa\u00e7\u00f5es para processar e completar seu acesso ao nosso app. Tais dados poder\u00e3o ser armazenados. Dessa maneira, de acordo com o art. 7\u00ba, inciso VIII da Lei 12.965\/2014 (Marco Civil da Internet), poderemos enviar mensagens.<\/p>\n<ol start=\"2\">\n<li><strong><u>Uso da sua informa\u00e7\u00e3o pessoal<\/u><\/strong><\/li>\n<\/ol>\n<p>Sempre que voc\u00ea acessar e utilizar a nossa plataforma de servi\u00e7os, o Grupo Master receber\u00e1 e armazenar\u00e1 automaticamente informa\u00e7\u00f5es, incluindo seu endere\u00e7o IP, informa\u00e7\u00f5es de cookies, que ser\u00e3o relacionadas com as informa\u00e7\u00f5es pessoais que voc\u00ea fornece.<\/p>\n<p>O Grupo Master ir\u00e1 disponibilizar suas informa\u00e7\u00f5es pessoais, sem aviso pr\u00e9vio, somente em caso de: (a) legisla\u00e7\u00e3o, regulamenta\u00e7\u00e3o, processo legal ou solicita\u00e7\u00e3o governamental aplic\u00e1vel; (b) cumprir investiga\u00e7\u00e3o de poss\u00edveis viola\u00e7\u00f5es; (c) fraude ou por seguran\u00e7a; ou (d) proteger contra dano aos direitos, a propriedade ou a seguran\u00e7a do Grupo Master, nossos usu\u00e1rios ou o p\u00fablico, conforme solicitado ou permitido por lei.<\/p>\n<p>O Grupo Master efetuar\u00e1 o cadastro do usu\u00e1rio, mantendo em seu sistema os registros espec\u00edficos das Transa\u00e7\u00f5es efetuadas.<\/p>\n<p>Os dados cadastrais ativos e atualizados do Titular, tais como, mas n\u00e3o limitado ao nome completo e respectivo n\u00famero de inscri\u00e7\u00e3o no CPF ou CNPJ, data de nascimento (ou constitui\u00e7\u00e3o, no caso de empresas), endere\u00e7o residencial e\/ou comercial e n\u00famero do celular e c\u00f3digo DDD, a fim de permitir a sua correta identifica\u00e7\u00e3o e dos montantes depositados na Conta.<\/p>\n<p>Todos os documentos e informa\u00e7\u00f5es relacionados ao cadastro do Titular permanecer\u00e3o em seguran\u00e7a na posse do Grupo Master.<\/p>\n<p>O Titular autoriza o Grupo Master a transmitir alguns dados cadastrais, tais como nome completo, CPF, endere\u00e7o de e-mail e n\u00famero do cart\u00e3o de cr\u00e9dito, para fins de pagamento*.<\/p>\n<p>O Grupo Master \u00e9 uma empresa privada e, com isso, se reserva o direito de, a seu exclusivo crit\u00e9rio e segundo seus par\u00e2metros de an\u00e1lise cadastral, aceitar ou n\u00e3o a ades\u00e3o do Titular.<\/p>\n<p>O Grupo Master se reserva o direito de bloquear ou cancelar a Conta em virtude da exist\u00eancia de ind\u00edcios ou de il\u00edcito efetivo identificado, al\u00e9m de diverg\u00eancias cadastrais.<\/p>\n<ol start=\"3\">\n<li><strong><u> Compartilhamento de informa\u00e7\u00f5es com terceiros<\/u><\/strong><\/li>\n<\/ol>\n<p>O Grupo Master n\u00e3o ir\u00e1 repassar, alugar ou vender seu endere\u00e7o de e-mail. N\u00f3s n\u00e3o compartilharemos suas informa\u00e7\u00f5es pessoais com outras empresas, em aten\u00e7\u00e3o \u00e0 Lei 12.965\/2014, salvo com sua expressa autoriza\u00e7\u00e3o ou em caso de ordem judicial. N\u00f3s n\u00e3o compartilhamos informa\u00e7\u00f5es de cart\u00f5es de cr\u00e9ditos com outras empresas, exceto com as respons\u00e1veis pelo processamento do pagamento, como \u00e9 previsto por lei. N\u00f3s n\u00e3o nos responsabilizamos pela forma com que terceiros coletam, usam, protegem ou revelam as informa\u00e7\u00f5es que voc\u00ea possa vir a fornec\u00ea-los.<\/p>\n<h2><u>4. Restri\u00e7\u00e3o de idade<\/u><\/h2>\n<p>O Grupo Master foi idealizada para consumidoras maiores de idade. Se voc\u00ea tiver menos de 18 anos de idade, n\u00e3o ser\u00e1 permitido o envio de suas informa\u00e7\u00f5es pessoais ao nosso site.<\/p>\n<ol start=\"5\">\n<li><strong><u> Seguran\u00e7a<\/u><\/strong><\/li>\n<\/ol>\n<p>N\u00f3s dispomos de medidas de seguran\u00e7a em \u00e2mbitos f\u00edsico, eletr\u00f4nicos e administrativos, que protegem os dados pessoais e suas informa\u00e7\u00f5es. Essas medidas de prote\u00e7\u00e3o nos auxiliam na preven\u00e7\u00e3o de fraudes e acessos n\u00e3o autorizados \u00e0s informa\u00e7\u00f5es, bem como na manuten\u00e7\u00e3o da integridade dos dados. Al\u00e9m disso, dispomos de uma Pol\u00edtica de Seguran\u00e7a Interna para que funcion\u00e1rios do Grupo Master n\u00e3o tenham acesso a suas informa\u00e7\u00f5es pessoais, de modo que seus dados permane\u00e7am sempre sem seguran\u00e7a.<\/p>\n<ol start=\"6\">\n<li><strong><u> Direitos dos usu\u00e1rios<\/u><\/strong><\/li>\n<\/ol>\n<p>Todos os direitos elencados abaixo podem ser exercidos em qualquer momento atrav\u00e9s do SITE: www.htcompany.com.br.<\/p>\n<p><strong>Acesso<\/strong>. O usu\u00e1rio poder\u00e1 solicitar informa\u00e7\u00f5es a respeito de quais dados s\u00e3o armazenados e para qual finalidade.<\/p>\n<p><strong>Retifica\u00e7\u00e3o<\/strong>. O usu\u00e1rio poder\u00e1 solicitar a corre\u00e7\u00e3o\/atualiza\u00e7\u00e3o de algum de seus dados pessoais, pois \u00e9 sua responsabilidade mant\u00ea-los sempre atualizado.<\/p>\n<p><strong>Elimina\u00e7\u00e3o<\/strong>. O usu\u00e1rio poder\u00e1 solicitar a elimina\u00e7\u00e3o dos seus dados pessoais nas seguintes situa\u00e7\u00f5es: (i) quando n\u00e3o forem necess\u00e1rios para a finalidade para a qual s\u00e3o utilizados, (ii) quando n\u00e3o estiver mais consentindo com os termos aqui expostos.<\/p>\n<ol start=\"7\">\n<li><strong><u> Mudan\u00e7as nesta Declara\u00e7\u00e3o<\/u><\/strong><\/li>\n<\/ol>\n<p>Em caso de modifica\u00e7\u00e3o destes termos, para atender melhor seus clientes, publicaremos tais altera\u00e7\u00f5es da pol\u00edtica de privacidade e lhes notificaremos sobre esta situa\u00e7\u00e3o. Tamb\u00e9m manteremos as vers\u00f5es anteriores desta Pol\u00edtica de Privacidade arquivadas para voc\u00ea compar\u00e1-las.<\/p>\n<ol start=\"8\">\n<li><strong><u> Prazo de armazenamento de dados<\/u><\/strong><\/li>\n<\/ol>\n<p>15 dias<\/p>\n<ol start=\"9\">\n<li><strong><u> Consentimento<\/u><\/strong><\/li>\n<\/ol>\n<p>Est\u00e3o consentindo acesso a seus <strong>dados pessoais<\/strong> para o fim de cadastro e contato.<\/p>\n<ol start=\"10\">\n<li><strong><u> Encarregado de Dados (Lei de Prote\u00e7\u00e3o de Dados)<\/u><\/strong><\/li>\n<\/ol>\n<p>Durante o per\u00edodo de armazenamento pelo Grupo Master,\u00a0 haver\u00e1 um respons\u00e1vel exclusivo pelos dados, nos termos do art. 41 da Lei de Prote\u00e7\u00e3o de Dados. Esta pessoa ir\u00e1 responder pelos dados, caso haja necessidade de apresent\u00e1-los para autoridade competente.<\/p>\n<p>Dados do contato:<strong> DOUGLAS SEULE <\/strong><\/p>\n<p>Email: <strong>sac@ht<\/strong><strong>company.com.br<\/strong><\/p>\n<p>Fone:<strong> (44) 3261-6100 ramal 4476.<\/strong><\/p>\n<h2><u>RESUMO<\/u><\/h2>\n<p>O Grupo Master respeita a sua privacidade. Quando se conectam a n\u00f3s, queremos que nossos clientes saibam que seus dados pessoais e informa\u00e7\u00f5es de cart\u00e3o de cr\u00e9dito est\u00e3o em seguran\u00e7a. Assim como n\u00f3s nos dedicamos em levar-lhes uma experi\u00eancia virtual f\u00e1cil e segura. As informa\u00e7\u00f5es pessoais armazenadas pelo nosso site nos ajudam a compreender melhor os interesses de nossos clientes, sendo que o nosso esfor\u00e7o em atend\u00ea-los com o melhor servi\u00e7o poss\u00edvel nunca cessa.<\/p>\n<p>Se, mesmo assim, voc\u00ea ficar com alguma d\u00favida entre em contato:<\/p>\n<p><a href=\"mailto:suporte@htcompany.com.br\"><strong>suporte@htcompany.com.br<\/strong><\/a><\/p>\n<p><a href=\"mailto:sac@htcompany.com.br\"><strong>sac@htcompany.com.br<\/strong><\/a><\/p>\n<p><strong>Estamos sempre \u00e0 disposi\u00e7\u00e3o para esclarecer suas d\u00favidas e colocar voc\u00ea no controle dos seus dados pessoais.<\/strong><\/p>\n<p>&nbsp;<\/p>\n","protected":false},"excerpt":{"rendered":"<p>\u201cGRUPO MASTER COM. IMP. E EXP. LTDA\u201d \u00a0POL\u00cdTICA DE PRIVACIDADE Vers\u00e3o de: Novembro\/2021 Nossa Pol\u00edtica de Privacidade explica: Quais informa\u00e7\u00f5es coletamos e por que as coletamos. Como usamos essas informa\u00e7\u00f5es. Somos uma empresa de suprimento de inform\u00e1tica, escrit\u00f3rio e papelaria. Sua privacidade \u00e9 importante para n\u00f3s, portanto, sendo voc\u00ea um usu\u00e1rio, por favor, reserve um [&hellip;]<\/p>\n","protected":false},"author":2,"featured_media":0,"parent":0,"menu_order":0,"comment_status":"closed","ping_status":"closed","template":"page_fullwidth.php","meta":{"footnotes":""},"class_list":["post-463","page","type-page","status-publish","hentry"],"_links":{"self":[{"href":"https:\/\/htcompany.com.br\/index.php?rest_route=\/wp\/v2\/pages\/463","targetHints":{"allow":["GET"]}}],"collection":[{"href":"https:\/\/htcompany.com.br\/index.php?rest_route=\/wp\/v2\/pages"}],"about":[{"href":"https:\/\/htcompany.com.br\/index.php?rest_route=\/wp\/v2\/types\/page"}],"author":[{"embeddable":true,"href":"https:\/\/htcompany.com.br\/index.php?rest_route=\/wp\/v2\/users\/2"}],"replies":[{"embeddable":true,"href":"https:\/\/htcompany.com.br\/index.php?rest_route=%2Fwp%2Fv2%2Fcomments&post=463"}],"version-history":[{"count":8,"href":"https:\/\/htcompany.com.br\/index.php?rest_route=\/wp\/v2\/pages\/463\/revisions"}],"predecessor-version":[{"id":485,"href":"https:\/\/htcompany.com.br\/index.php?rest_route=\/wp\/v2\/pages\/463\/revisions\/485"}],"wp:attachment":[{"href":"https:\/\/htcompany.com.br\/index.php?rest_route=%2Fwp%2Fv2%2Fmedia&parent=463"}],"curies":[{"name":"wp","href":"https:\/\/api.w.org\/{rel}","templated":true}]}}